{"id":11958,"date":"2017-10-05T09:48:04","date_gmt":"2017-10-05T07:48:04","guid":{"rendered":"http:\/\/bat.itpowernet.it\/?page_id=11958"},"modified":"2023-11-28T15:12:32","modified_gmt":"2023-11-28T14:12:32","slug":"entwicklung-und-design","status":"publish","type":"page","link":"https:\/\/batgroup.4demo.it\/de\/entwicklung-und-design\/","title":{"rendered":"Entwicklung &#038; Design"},"content":{"rendered":"<p>[vc_row layout=&#8221;boxed&#8221; el_class=&#8221; margin-bottom-90&#8243; css=&#8221;.vc_custom_1511949548488{padding-top: px !important;}&#8221;][vc_column el_class=&#8221;sm-margin-bottom-30&#8243;]            <div class=\"heading color-dark size-md text-center \" >\n                                <div class=\"line-single\">\n                                                        <h2>\n                        ALLES BEGINNT MIT EINER IDEE: EIN TEAM VOLLER PROFIS, UM ALLE ANFORDERUNGEN VON PROJEKTEN ZU ERF\u00dcLLEN                    <\/h2>\n                                    <\/div>\n                                <p>\n                    Unser Team aus qualifizierten Experten entwickelt f\u00fcr jedes Bed\u00fcrfnis eine personalisierte L\u00f6sung.<br \/>\nZu den Hauptst\u00e4rken des Unternehmens BAT geh\u00f6rt der Bereich Forschung und Entwicklung. Er setzt sich aus einem Team von qualifizierten Ingenieuren zusammen, die mit externen Planungsstudios und international renommierten Designern zusammenarbeiten, um Jahr f\u00fcr Jahr innovative, <strong>\u00e4sthetisch ansprechende und funktionale Sonnenschutz- und \u00dcberdachungssysteme f\u00fcr Au\u00dfenbereiche<\/strong> zu entwerfen und herzustellen.<br \/>\nOb es eine <strong>Markise zu befestigen<\/strong> oder eine <strong>Markise zu montieren<\/strong> gilt \u00ad BAT hat nicht nur Komplettmarkisen im Angebot, sondern auch modernstes Zubeh\u00f6r, das f\u00fcr jedes Bed\u00fcrfnis eine personalisierte L\u00f6sung erm\u00f6glicht.<br \/>\n                <\/p>\n                            <\/div>\n            [\/vc_column][\/vc_row][vc_row css=&#8221;.vc_custom_1511776162997{background-color: #eeeeee !important;}&#8221;][vc_column width=&#8221;1\/4&#8243;]\t\t\t<div class=\"iconbox default padding-top-80 padding-bottom-80 left color-dark\" >\n                <div class=\"icon-box-shape #\">\n                    <a title=\"\" target=\"_self\" >\n                                                        <i class=\"micon icon-compass\"><\/i>\n                                                <\/a>\n                <\/div>\n                                    <h3><a title=\"\" target=\"_self\" >FORSCHUNG<\/a><\/h3>\n                                <p>Ein internes Team von Ingenieuren und Planern, beteiligt an der Forschung nach neuen L\u00f6sungen f\u00fcr Zubeh\u00f6r und Komponenten, die immer fortschrittlicher und leistungsf\u00e4higer sind.<\/p>\n                \t\t\t<\/div>\n            [\/vc_column][vc_column width=&#8221;1\/4&#8243;]\t\t\t<div class=\"iconbox default padding-top-80 padding-bottom-80 left color-dark\" >\n                <div class=\"icon-box-shape #\">\n                    <a title=\"\" target=\"_self\" >\n                                                        <i class=\"micon icon-gears\"><\/i>\n                                                <\/a>\n                <\/div>\n                                    <h3><a title=\"\" target=\"_self\" >ENTWICKLUNG<\/a><\/h3>\n                                <p>Ideen, die weiterentwickelt werden, deren Fokus auf die Qualit\u00e4t der Rohstoffe, Technologie und Design, ausschlie\u00dflich Made in Italy, gelegt wird.<\/p>\n                \t\t\t<\/div>\n            [\/vc_column][vc_column width=&#8221;1\/4&#8243;]\t\t\t<div class=\"iconbox default padding-top-80 padding-bottom-80 left color-dark\" >\n                <div class=\"icon-box-shape #\">\n                    <a title=\"\" target=\"_self\" >\n                                                        <i class=\"micon icon-185081-speech-streamline-talk-user\"><\/i>\n                                                <\/a>\n                <\/div>\n                                    <h3><a title=\"\" target=\"_self\" >BERATUNG<\/a><\/h3>\n                                <p>Umsetzung von Tailor-Made Projekten auf Grundlage der Bed\u00fcrfnisse eines jeden Kunden und Referenzmarktes.<\/p>\n                \t\t\t<\/div>\n            [\/vc_column][vc_column width=&#8221;1\/4&#8243;]\t\t\t<div class=\"iconbox default padding-top-80 padding-bottom-80 left color-dark\" >\n                <div class=\"icon-box-shape #\">\n                    <a title=\"\" target=\"_self\" >\n                                                        <i class=\"micon icon-185086-map-streamline-user\"><\/i>\n                                                <\/a>\n                <\/div>\n                                    <h3><a title=\"\" target=\"_self\" >RUNDUM-UNTERST\u00dcTZUNG<\/a><\/h3>\n                                <p>Stetige Aufmerksamkeit gegen\u00fcber dem Kunden in jeder Projektphase.<\/p>\n                \t\t\t<\/div>\n            [\/vc_column][\/vc_row][vc_row][vc_column][vc_single_image image=&#8221;126667&#8243; img_size=&#8221;full&#8221; alignment=&#8221;center&#8221;][\/vc_column][\/vc_row][vc_row css=&#8221;.vc_custom_1511521271288{margin-top: 100px !important;background-color: #eeeeee !important;}&#8221;][vc_column width=&#8221;1\/2&#8243; css=&#8221;.vc_custom_1507200261299{padding-right: 50px !important;padding-left: 50px !important;}&#8221;]            <div class=\"heading color-dark size-md text-left margin-top-55 padding-bottom-15\" >\n                                                        <h2>\n                        EINER UNSERER DESIGNER:                    <\/h2>\n                                        <span>\n                        Arch. Robby Cantarutti                    <\/span>\n                                    <p>\n                    Beruflich seit 1995 aktiv, fokussiert er seine Aktivit\u00e4ten auf die Planung von Sitzm\u00f6beln, dabei arbeitet er sowohl als Planer als auch als Berater f\u00fcr die Unternehmen. Zusammen mit der Ehefrau Francesca Petricich, besch\u00e4ftigt er sich parallel sowohl mit der Architektur als auch mit Interior-Design, er entwirft Gesch\u00e4fte, Privath\u00e4user und Messe-Ausstattungen.<br \/>\nF\u00fcr BAT hat er das Modell DOMEA entworfen.                <\/p>\n                            <\/div>\n            [\/vc_column][vc_column width=&#8221;1\/2&#8243; css=&#8221;.vc_custom_1507200267066{padding-right: 0px !important;padding-left: 0px !important;}&#8221;][vc_single_image image=&#8221;13107&#8243; img_size=&#8221;full&#8221; alignment=&#8221;center&#8221;][\/vc_column][\/vc_row][vc_row layout=&#8221;boxed&#8221; el_class=&#8221;margin-top-90 margin-bottom-90&#8243;][vc_column el_class=&#8221;col-md-12 col-sm-12 sm-margin-bottom-30&#8243;]            <div class=\"heading color-dark size-md text-center \" >\n                                <div class=\"line-single\">\n                                                        <h2>\n                        PRODUZIEREN CUSTOM                    <\/h2>\n                                    <\/div>\n                                <p>\n                    BAT bietet au\u00dferdem den eigenen Kunden die M\u00f6glichkeit, Ad Hoc-Produkte f\u00fcr Lieferungen im gro\u00dfen Ma\u00dfstab zu entwickeln, mit der unterst\u00fctzenden Beratung der Planer des eigenen technischen B\u00fcros.<br \/>\nF\u00fcr jede Anfrage in Bezug auf die Projekte, technische Materialien und\/oder Produktspezifikationen, f\u00fcllen Sie das unten stehende Formular aus. Sie werden baldm\u00f6glichst von einem Ansprechpartner des technischen B\u00fcros von BAT kontaktiert werden.<br \/>\n                <\/p>\n                            <\/div>\n            [\/vc_column][\/vc_row][vc_row layout=&#8221;boxed&#8221;][vc_column]\n<div class=\"wpcf7 no-js\" id=\"wpcf7-f38728-o1\" lang=\"en-US\" dir=\"ltr\" data-wpcf7-id=\"38728\">\n<div class=\"screen-reader-response\"><p role=\"status\" aria-live=\"polite\" aria-atomic=\"true\"><\/p> <ul><\/ul><\/div>\n<form action=\"\/de\/wp-json\/wp\/v2\/pages\/11958\/#wpcf7-f38728-o1\" method=\"post\" class=\"wpcf7-form init\" aria-label=\"Kontaktformular\" novalidate=\"novalidate\" data-status=\"init\">\n<fieldset class=\"hidden-fields-container\"><input type=\"hidden\" name=\"_wpcf7\" value=\"38728\" \/><input type=\"hidden\" name=\"_wpcf7_version\" value=\"6.1.1\" \/><input type=\"hidden\" name=\"_wpcf7_locale\" value=\"en_US\" \/><input type=\"hidden\" name=\"_wpcf7_unit_tag\" value=\"wpcf7-f38728-o1\" \/><input type=\"hidden\" name=\"_wpcf7_container_post\" value=\"0\" \/><input type=\"hidden\" name=\"_wpcf7_posted_data_hash\" value=\"\" \/><input type=\"hidden\" name=\"_wpcf7_recaptcha_response\" value=\"\" \/>\n<\/fieldset>\n<div class=\"row contact-us typ\">\n\t<div class=\"col-md-6 col-sm-12\">\n\t\t<p><span class=\"wpcf7-form-control-wrap\" data-name=\"your-name\"><input size=\"40\" maxlength=\"400\" class=\"wpcf7-form-control wpcf7-text wpcf7-validates-as-required\" aria-required=\"true\" aria-invalid=\"false\" placeholder=\"Name und Nachname *\" value=\"\" type=\"text\" name=\"your-name\" \/><\/span>\n\t\t<\/p>\n\t<\/div>\n\t<div class=\"col-md-6 col-sm-12\">\n\t\t<p><span class=\"wpcf7-form-control-wrap\" data-name=\"your-phone\"><input size=\"40\" maxlength=\"400\" class=\"wpcf7-form-control wpcf7-tel wpcf7-validates-as-required wpcf7-text wpcf7-validates-as-tel\" aria-required=\"true\" aria-invalid=\"false\" placeholder=\"Telefon *\" value=\"\" type=\"tel\" name=\"your-phone\" \/><\/span>\n\t\t<\/p>\n\t<\/div>\n\t<div class=\"col-md-6 col-sm-12\">\n\t\t<p><span class=\"wpcf7-form-control-wrap\" data-name=\"your-company\"><input size=\"40\" maxlength=\"400\" class=\"wpcf7-form-control wpcf7-text wpcf7-validates-as-required\" aria-required=\"true\" aria-invalid=\"false\" placeholder=\"Unternehmen *\" value=\"\" type=\"text\" name=\"your-company\" \/><\/span>\n\t\t<\/p>\n\t<\/div>\n\t<div class=\"col-md-6 col-sm-12\">\n\t\t<p><span class=\"wpcf7-form-control-wrap\" data-name=\"your-email\"><input size=\"40\" maxlength=\"400\" class=\"wpcf7-form-control wpcf7-email wpcf7-validates-as-required wpcf7-text wpcf7-validates-as-email\" aria-required=\"true\" aria-invalid=\"false\" placeholder=\"Email *\" value=\"\" type=\"email\" name=\"your-email\" \/><\/span>\n\t\t<\/p>\n\t<\/div>\n\t<div class=\"col-md-12 col-sm-12\">\n\t\t<p><span class=\"wpcf7-form-control-wrap\" data-name=\"your-city\"><input size=\"40\" maxlength=\"400\" class=\"wpcf7-form-control wpcf7-text wpcf7-validates-as-required\" aria-required=\"true\" aria-invalid=\"false\" placeholder=\"Stadt *\" value=\"\" type=\"text\" name=\"your-city\" \/><\/span>\n\t\t<\/p>\n\t<\/div>\n\t<div class=\"col-md-12 col-sm-12\">\n\t\t<p><span class=\"wpcf7-form-control-wrap\" data-name=\"your-message\"><textarea cols=\"40\" rows=\"10\" maxlength=\"2000\" class=\"wpcf7-form-control wpcf7-textarea wpcf7-validates-as-required\" aria-required=\"true\" aria-invalid=\"false\" placeholder=\"Nachricht *\" name=\"your-message\"><\/textarea><\/span>\n\t\t<\/p>\n\t<\/div>\n\t<div class=\"col-md-12 col-sm-12\">\n\t\t<p>Von welcher Branche m\u00f6chten Sie kontaktiert werden?<br \/>\n<span class=\"wpcf7-form-control-wrap\" data-name=\"recipient\"><select class=\"wpcf7-form-control wpcf7-select wpcf7-validates-as-required\" aria-required=\"true\" aria-invalid=\"false\" name=\"recipient\"><option value=\"BAT ITALIA\">BAT ITALIA<\/option><option value=\"BAT FRANCE\">BAT FRANCE<\/option><option value=\"BAT IB\u00c9RICA\">BAT IB\u00c9RICA<\/option><option value=\"BAT USA\">BAT USA<\/option><\/select><\/span>\n\t\t<\/p>\n\t<\/div>\n\t<div class=\"clearfix\">\n\t<\/div>\n\t<div class=\"col-md-6 col-sm-12\">\n\t\t<p><span class=\"wpcf7-form-control-wrap\" data-name=\"acceptance-privacy\"><span class=\"wpcf7-form-control wpcf7-acceptance\"><span class=\"wpcf7-list-item\"><input type=\"checkbox\" name=\"acceptance-privacy\" value=\"1\" aria-invalid=\"false\" \/><\/span><\/span><\/span> Ich habe die <a href=\"\/de\/privacy-cookie-policy\/\">Datenschutzerkl\u00e4rung gelesen<\/a>. *\n\t\t<\/p>\n\t<\/div>\n\t<div class=\"col-sm-12\">\n\t\n\t<\/div>\n\t<div class=\"col-sm-12 text-right\">\n\t\t<p><input class=\"wpcf7-form-control wpcf7-submit has-spinner\" type=\"submit\" value=\"SENDEN\" \/>\n\t\t<\/p>\n\t<\/div>\n<\/div><input type='hidden' class='wpcf7-pum' value='{\"closepopup\":false,\"closedelay\":0,\"openpopup\":false,\"openpopup_id\":0}' \/><div class=\"wpcf7-response-output\" aria-hidden=\"true\"><\/div>\n<\/form>\n<\/div>\n[\/vc_column][\/vc_row]<\/p>\n","protected":false},"excerpt":{"rendered":"<p>[vc_row layout=&#8221;boxed&#8221; el_class=&#8221; margin-bottom-90&#8243; css=&#8221;.vc_custom_1511949548488{padding-top: px !important;}&#8221;][vc_column el_class=&#8221;sm-margin-bottom-30&#8243;][\/vc_column][\/vc_row][vc_row css=&#8221;.vc_custom_1511776162997{background-color: #eeeeee !important;}&#8221;][vc_column width=&#8221;1\/4&#8243;][\/vc_column][vc_column width=&#8221;1\/4&#8243;][\/vc_column][vc_column width=&#8221;1\/4&#8243;][\/vc_column][vc_column width=&#8221;1\/4&#8243;][\/vc_column][\/vc_row][vc_row][vc_column][vc_single_image image=&#8221;126667&#8243; img_size=&#8221;full&#8221; alignment=&#8221;center&#8221;][\/vc_column][\/vc_row][vc_row css=&#8221;.vc_custom_1511521271288{margin-top: 100px !important;background-color: #eeeeee !important;}&#8221;][vc_column width=&#8221;1\/2&#8243; css=&#8221;.vc_custom_1507200261299{padding-right: 50px !important;padding-left: 50px !important;}&#8221;][\/vc_column][vc_column width=&#8221;1\/2&#8243; css=&#8221;.vc_custom_1507200267066{padding-right: 0px !important;padding-left: 0px !important;}&#8221;][vc_single_image image=&#8221;13107&#8243; img_size=&#8221;full&#8221; alignment=&#8221;center&#8221;][\/vc_column][\/vc_row][vc_row layout=&#8221;boxed&#8221; el_class=&#8221;margin-top-90 margin-bottom-90&#8243;][vc_column el_class=&#8221;col-md-12 col-sm-12 sm-margin-bottom-30&#8243;][\/vc_column][\/vc_row][vc_row layout=&#8221;boxed&#8221;][vc_column][\/vc_column][\/vc_row]<\/p>\n","protected":false},"author":1,"featured_media":0,"parent":0,"menu_order":0,"comment_status":"closed","ping_status":"closed","template":"","meta":{"_acf_changed":false,"footnotes":""},"class_list":["post-11958","page","type-page","status-publish","hentry"],"acf":[],"yoast_head":"<!-- This site is optimized with the Yoast SEO plugin v26.0 - https:\/\/yoast.com\/wordpress\/plugins\/seo\/ -->\n<title>Au\u00dfenbeschattung - Planer und Designer - Bat Group<\/title>\n<meta name=\"description\" content=\"BAT arbeitet mit den Designern, um eine breite Produktpalette an Abdeckungen und Zubeh\u00f6r zu erschaffen. Kontaktieren Sie uns f\u00fcr einen Kostenvoranschlag.\" \/>\n<meta name=\"robots\" content=\"index, follow, max-snippet:-1, max-image-preview:large, max-video-preview:-1\" \/>\n<link rel=\"canonical\" href=\"https:\/\/batgroup.4demo.it\/de\/entwicklung-und-design\/\" \/>\n<meta property=\"og:locale\" content=\"de_DE\" \/>\n<meta property=\"og:type\" content=\"article\" \/>\n<meta property=\"og:title\" content=\"Au\u00dfenbeschattung - Planer und Designer - Bat Group\" \/>\n<meta property=\"og:description\" content=\"BAT arbeitet mit den Designern, um eine breite Produktpalette an Abdeckungen und Zubeh\u00f6r zu erschaffen. Kontaktieren Sie uns f\u00fcr einen Kostenvoranschlag.\" \/>\n<meta property=\"og:url\" content=\"https:\/\/batgroup.4demo.it\/de\/entwicklung-und-design\/\" \/>\n<meta property=\"og:site_name\" content=\"Bat Group\" \/>\n<meta property=\"article:modified_time\" content=\"2023-11-28T14:12:32+00:00\" \/>\n<meta name=\"twitter:card\" content=\"summary_large_image\" \/>\n<meta name=\"twitter:label1\" content=\"Gesch\u00e4tzte Lesezeit\" \/>\n\t<meta name=\"twitter:data1\" content=\"3\u00a0Minuten\" \/>\n<!-- \/ Yoast SEO plugin. -->","yoast_head_json":{"title":"Au\u00dfenbeschattung - Planer und Designer - Bat Group","description":"BAT arbeitet mit den Designern, um eine breite Produktpalette an Abdeckungen und Zubeh\u00f6r zu erschaffen. Kontaktieren Sie uns f\u00fcr einen Kostenvoranschlag.","robots":{"index":"index","follow":"follow","max-snippet":"max-snippet:-1","max-image-preview":"max-image-preview:large","max-video-preview":"max-video-preview:-1"},"canonical":"https:\/\/batgroup.4demo.it\/de\/entwicklung-und-design\/","og_locale":"de_DE","og_type":"article","og_title":"Au\u00dfenbeschattung - Planer und Designer - Bat Group","og_description":"BAT arbeitet mit den Designern, um eine breite Produktpalette an Abdeckungen und Zubeh\u00f6r zu erschaffen. Kontaktieren Sie uns f\u00fcr einen Kostenvoranschlag.","og_url":"https:\/\/batgroup.4demo.it\/de\/entwicklung-und-design\/","og_site_name":"Bat Group","article_modified_time":"2023-11-28T14:12:32+00:00","twitter_card":"summary_large_image","twitter_misc":{"Gesch\u00e4tzte Lesezeit":"3\u00a0Minuten"},"schema":{"@context":"https:\/\/schema.org","@graph":[{"@type":"WebPage","@id":"https:\/\/batgroup.4demo.it\/de\/entwicklung-und-design\/","url":"https:\/\/batgroup.4demo.it\/de\/entwicklung-und-design\/","name":"Au\u00dfenbeschattung - Planer und Designer - Bat Group","isPartOf":{"@id":"https:\/\/batgroup.4demo.it\/#website"},"datePublished":"2017-10-05T07:48:04+00:00","dateModified":"2023-11-28T14:12:32+00:00","description":"BAT arbeitet mit den Designern, um eine breite Produktpalette an Abdeckungen und Zubeh\u00f6r zu erschaffen. Kontaktieren Sie uns f\u00fcr einen Kostenvoranschlag.","breadcrumb":{"@id":"https:\/\/batgroup.4demo.it\/de\/entwicklung-und-design\/#breadcrumb"},"inLanguage":"de","potentialAction":[{"@type":"ReadAction","target":["https:\/\/batgroup.4demo.it\/de\/entwicklung-und-design\/"]}]},{"@type":"BreadcrumbList","@id":"https:\/\/batgroup.4demo.it\/de\/entwicklung-und-design\/#breadcrumb","itemListElement":[{"@type":"ListItem","position":1,"name":"Home","item":"https:\/\/batgroup.4demo.it\/de\/"},{"@type":"ListItem","position":2,"name":"Entwicklung &#038; Design"}]},{"@type":"WebSite","@id":"https:\/\/batgroup.4demo.it\/#website","url":"https:\/\/batgroup.4demo.it\/","name":"Bat Group","description":"Accessori e componenti per sistemi di schermatura solare","potentialAction":[{"@type":"SearchAction","target":{"@type":"EntryPoint","urlTemplate":"https:\/\/batgroup.4demo.it\/?s={search_term_string}"},"query-input":{"@type":"PropertyValueSpecification","valueRequired":true,"valueName":"search_term_string"}}],"inLanguage":"de"}]}},"_links":{"self":[{"href":"https:\/\/batgroup.4demo.it\/de\/wp-json\/wp\/v2\/pages\/11958\/"}],"collection":[{"href":"https:\/\/batgroup.4demo.it\/de\/wp-json\/wp\/v2\/pages\/"}],"about":[{"href":"https:\/\/batgroup.4demo.it\/de\/wp-json\/wp\/v2\/types\/page\/"}],"author":[{"embeddable":true,"href":"https:\/\/batgroup.4demo.it\/de\/wp-json\/wp\/v2\/users\/1\/"}],"replies":[{"embeddable":true,"href":"https:\/\/batgroup.4demo.it\/de\/wp-json\/wp\/v2\/comments\/?post=11958"}],"version-history":[{"count":0,"href":"https:\/\/batgroup.4demo.it\/de\/wp-json\/wp\/v2\/pages\/11958\/revisions\/"}],"wp:attachment":[{"href":"https:\/\/batgroup.4demo.it\/de\/wp-json\/wp\/v2\/media\/?parent=11958"}],"curies":[{"name":"wp","href":"https:\/\/api.w.org\/{rel}","templated":true}]}}