{"id":132916,"date":"2024-04-18T16:16:20","date_gmt":"2024-04-18T14:16:20","guid":{"rendered":"https:\/\/www.batgroup.com\/prodotto\/screeny-4-0-110-gpz\/"},"modified":"2024-04-18T16:37:21","modified_gmt":"2024-04-18T14:37:21","slug":"screeny-4-0-110-gpz","status":"publish","type":"product","link":"https:\/\/batgroup.4demo.it\/de\/prodotto\/screeny-4-0-110-gpz\/","title":{"rendered":"SCREENY 4.0 110 GPZ I"},"content":{"rendered":"","protected":false},"excerpt":{"rendered":"<p>Markise mit Kassette von 110mm und versenkbaren Fallstangenprofil, abgeschr\u00e4gt ausgestattet mit Zipf\u00fchrung, zusammengesetzt aus 2 Ausgeichsf\u00fchrungen verstellbar bis zu einem Ma\u00df von maximal 17mm je F\u00fchrung.Geeignet zur Installation bei Anwendung von nicht geraden Montagesituationen.<\/p>\n","protected":false},"featured_media":132889,"template":"","meta":{"_acf_changed":false},"class_list":["post-132916","product","type-product","status-publish","has-post-thumbnail","hentry","product_cat-screeny-de","product_cat-screeny-4-0-110-de"],"acf":[],"yoast_head":"<!-- This site is optimized with the Yoast SEO plugin v26.0 - https:\/\/yoast.com\/wordpress\/plugins\/seo\/ -->\n<title>SCREENY 4.0 110 GPZ I - Bat Group<\/title>\n<meta name=\"description\" content=\"Markise mit Kassette von 110mm und versenkbarenFallstangenprofil, abgeschr\u00e4gt ausgestattet mit Zipf\u00fchrung,zusammengesetzt aus 2 Ausgeichsf\u00fchrungen verstellbar bis zu einemMa\u00df von maximal 17mm je F\u00fchrung.\" \/>\n<meta name=\"robots\" content=\"index, follow, max-snippet:-1, max-image-preview:large, max-video-preview:-1\" \/>\n<link rel=\"canonical\" href=\"https:\/\/batgroup.4demo.it\/de\/prodotto\/screeny-4-0-110-gpz\/\" \/>\n<meta property=\"og:locale\" content=\"de_DE\" \/>\n<meta property=\"og:type\" content=\"article\" \/>\n<meta property=\"og:title\" content=\"SCREENY 4.0 110 GPZ I - Bat Group\" \/>\n<meta property=\"og:description\" content=\"Markise mit Kassette von 110mm und versenkbarenFallstangenprofil, abgeschr\u00e4gt ausgestattet mit Zipf\u00fchrung,zusammengesetzt aus 2 Ausgeichsf\u00fchrungen verstellbar bis zu einemMa\u00df von maximal 17mm je F\u00fchrung.\" \/>\n<meta property=\"og:url\" content=\"https:\/\/batgroup.4demo.it\/de\/prodotto\/screeny-4-0-110-gpz\/\" \/>\n<meta property=\"og:site_name\" content=\"Bat Group\" \/>\n<meta property=\"article:modified_time\" content=\"2024-04-18T14:37:21+00:00\" \/>\n<meta property=\"og:image\" content=\"https:\/\/batgroup.4demo.it\/wp-content\/uploads\/2024\/04\/911.55.200-1.jpg\" \/>\n\t<meta property=\"og:image:width\" content=\"2102\" \/>\n\t<meta property=\"og:image:height\" content=\"2560\" \/>\n\t<meta property=\"og:image:type\" content=\"image\/jpeg\" \/>\n<meta name=\"twitter:card\" content=\"summary_large_image\" \/>\n<!-- \/ Yoast SEO plugin. -->","yoast_head_json":{"title":"SCREENY 4.0 110 GPZ I - Bat Group","description":"Markise mit Kassette von 110mm und versenkbarenFallstangenprofil, abgeschr\u00e4gt ausgestattet mit Zipf\u00fchrung,zusammengesetzt aus 2 Ausgeichsf\u00fchrungen verstellbar bis zu einemMa\u00df von maximal 17mm je F\u00fchrung.","robots":{"index":"index","follow":"follow","max-snippet":"max-snippet:-1","max-image-preview":"max-image-preview:large","max-video-preview":"max-video-preview:-1"},"canonical":"https:\/\/batgroup.4demo.it\/de\/prodotto\/screeny-4-0-110-gpz\/","og_locale":"de_DE","og_type":"article","og_title":"SCREENY 4.0 110 GPZ I - Bat Group","og_description":"Markise mit Kassette von 110mm und versenkbarenFallstangenprofil, abgeschr\u00e4gt ausgestattet mit Zipf\u00fchrung,zusammengesetzt aus 2 Ausgeichsf\u00fchrungen verstellbar bis zu einemMa\u00df von maximal 17mm je F\u00fchrung.","og_url":"https:\/\/batgroup.4demo.it\/de\/prodotto\/screeny-4-0-110-gpz\/","og_site_name":"Bat Group","article_modified_time":"2024-04-18T14:37:21+00:00","og_image":[{"width":2102,"height":2560,"url":"https:\/\/batgroup.4demo.it\/wp-content\/uploads\/2024\/04\/911.55.200-1.jpg","type":"image\/jpeg"}],"twitter_card":"summary_large_image","schema":{"@context":"https:\/\/schema.org","@graph":[{"@type":"WebPage","@id":"https:\/\/batgroup.4demo.it\/de\/prodotto\/screeny-4-0-110-gpz\/","url":"https:\/\/batgroup.4demo.it\/de\/prodotto\/screeny-4-0-110-gpz\/","name":"SCREENY 4.0 110 GPZ I - Bat Group","isPartOf":{"@id":"https:\/\/batgroup.4demo.it\/#website"},"primaryImageOfPage":{"@id":"https:\/\/batgroup.4demo.it\/de\/prodotto\/screeny-4-0-110-gpz\/#primaryimage"},"image":{"@id":"https:\/\/batgroup.4demo.it\/de\/prodotto\/screeny-4-0-110-gpz\/#primaryimage"},"thumbnailUrl":"https:\/\/batgroup.4demo.it\/wp-content\/uploads\/2024\/04\/911.55.200-1.jpg","datePublished":"2024-04-18T14:16:20+00:00","dateModified":"2024-04-18T14:37:21+00:00","description":"Markise mit Kassette von 110mm und versenkbarenFallstangenprofil, abgeschr\u00e4gt ausgestattet mit Zipf\u00fchrung,zusammengesetzt aus 2 Ausgeichsf\u00fchrungen verstellbar bis zu einemMa\u00df von maximal 17mm je F\u00fchrung.","breadcrumb":{"@id":"https:\/\/batgroup.4demo.it\/de\/prodotto\/screeny-4-0-110-gpz\/#breadcrumb"},"inLanguage":"de","potentialAction":[{"@type":"ReadAction","target":["https:\/\/batgroup.4demo.it\/de\/prodotto\/screeny-4-0-110-gpz\/"]}]},{"@type":"ImageObject","inLanguage":"de","@id":"https:\/\/batgroup.4demo.it\/de\/prodotto\/screeny-4-0-110-gpz\/#primaryimage","url":"https:\/\/batgroup.4demo.it\/wp-content\/uploads\/2024\/04\/911.55.200-1.jpg","contentUrl":"https:\/\/batgroup.4demo.it\/wp-content\/uploads\/2024\/04\/911.55.200-1.jpg","width":2102,"height":2560},{"@type":"BreadcrumbList","@id":"https:\/\/batgroup.4demo.it\/de\/prodotto\/screeny-4-0-110-gpz\/#breadcrumb","itemListElement":[{"@type":"ListItem","position":1,"name":"Home","item":"https:\/\/batgroup.4demo.it\/de\/"},{"@type":"ListItem","position":2,"name":"Produkte","item":"https:\/\/batgroup.4demo.it\/de\/produkte\/"},{"@type":"ListItem","position":3,"name":"SCREENY 4.0 110 GPZ I"}]},{"@type":"WebSite","@id":"https:\/\/batgroup.4demo.it\/#website","url":"https:\/\/batgroup.4demo.it\/","name":"Bat Group","description":"Accessori e componenti per sistemi di schermatura solare","potentialAction":[{"@type":"SearchAction","target":{"@type":"EntryPoint","urlTemplate":"https:\/\/batgroup.4demo.it\/?s={search_term_string}"},"query-input":{"@type":"PropertyValueSpecification","valueRequired":true,"valueName":"search_term_string"}}],"inLanguage":"de"}]}},"_links":{"self":[{"href":"https:\/\/batgroup.4demo.it\/de\/wp-json\/wp\/v2\/product\/132916\/"}],"collection":[{"href":"https:\/\/batgroup.4demo.it\/de\/wp-json\/wp\/v2\/product\/"}],"about":[{"href":"https:\/\/batgroup.4demo.it\/de\/wp-json\/wp\/v2\/types\/product\/"}],"wp:featuredmedia":[{"embeddable":true,"href":"https:\/\/batgroup.4demo.it\/de\/wp-json\/wp\/v2\/media\/132889\/"}],"wp:attachment":[{"href":"https:\/\/batgroup.4demo.it\/de\/wp-json\/wp\/v2\/media\/?parent=132916"}],"curies":[{"name":"wp","href":"https:\/\/api.w.org\/{rel}","templated":true}]}}