{"id":133110,"date":"2024-04-19T11:20:10","date_gmt":"2024-04-19T09:20:10","guid":{"rendered":"https:\/\/www.batgroup.com\/prodotto\/screeny-4-0-110-gpz-unica-m\/"},"modified":"2024-04-22T09:51:39","modified_gmt":"2024-04-22T07:51:39","slug":"screeny-4-0-110-gpz-unica-m","status":"publish","type":"product","link":"https:\/\/batgroup.4demo.it\/de\/prodotto\/screeny-4-0-110-gpz-unica-m\/","title":{"rendered":"SCREENY 4.0 110 GPZ UNICA M"},"content":{"rendered":"","protected":false},"excerpt":{"rendered":"<p>Senkrechtmarkise mit 110mm Kasten und verdeckt liegender Ausfallstange, ZIP-System und freitragender Kassette. Geeignet f\u00fcr Montage in T\u00fcr- und Fensterrahmen, sowohl in Nische als auch an der Wand. Schnelle Befestigung und einfache Wartung. Die F\u00fchrungsschiene besteht aus zwei Profilen: F\u00fchrung und Abdeckung. Sie ist ausschlie\u00dflich f\u00fcr motorisierte Anlagen entwickelt worden und reduziert die Breite der F\u00fchrungsschiene auf 36mm.<\/p>\n","protected":false},"featured_media":133083,"template":"","meta":{"_acf_changed":false},"class_list":["post-133110","product","type-product","status-publish","has-post-thumbnail","hentry","product_cat-screeny-de","product_cat-screeny-4-0-110-de"],"acf":[],"yoast_head":"<!-- This site is optimized with the Yoast SEO plugin v26.0 - https:\/\/yoast.com\/wordpress\/plugins\/seo\/ -->\n<title>SCREENY 4.0 110 GPZ UNICA M - Bat Group<\/title>\n<meta name=\"description\" content=\"Senkrechtmarkise mit 110mm Kasten und verdeckt liegenderAusfallstange, ZIP-System und freitragender Kassette. Geeignetf\u00fcr Montage in T\u00fcr- und Fensterrahmen.\" \/>\n<meta name=\"robots\" content=\"index, follow, max-snippet:-1, max-image-preview:large, max-video-preview:-1\" \/>\n<link rel=\"canonical\" href=\"https:\/\/batgroup.4demo.it\/de\/prodotto\/screeny-4-0-110-gpz-unica-m\/\" \/>\n<meta property=\"og:locale\" content=\"de_DE\" \/>\n<meta property=\"og:type\" content=\"article\" \/>\n<meta property=\"og:title\" content=\"SCREENY 4.0 110 GPZ UNICA M - Bat Group\" \/>\n<meta property=\"og:description\" content=\"Senkrechtmarkise mit 110mm Kasten und verdeckt liegenderAusfallstange, ZIP-System und freitragender Kassette. Geeignetf\u00fcr Montage in T\u00fcr- und Fensterrahmen.\" \/>\n<meta property=\"og:url\" content=\"https:\/\/batgroup.4demo.it\/de\/prodotto\/screeny-4-0-110-gpz-unica-m\/\" \/>\n<meta property=\"og:site_name\" content=\"Bat Group\" \/>\n<meta property=\"article:modified_time\" content=\"2024-04-22T07:51:39+00:00\" \/>\n<meta property=\"og:image\" content=\"https:\/\/batgroup.4demo.it\/wp-content\/uploads\/2024\/04\/911.55.600.jpg\" \/>\n\t<meta property=\"og:image:width\" content=\"2102\" \/>\n\t<meta property=\"og:image:height\" content=\"2560\" \/>\n\t<meta property=\"og:image:type\" content=\"image\/jpeg\" \/>\n<meta name=\"twitter:card\" content=\"summary_large_image\" \/>\n<!-- \/ Yoast SEO plugin. -->","yoast_head_json":{"title":"SCREENY 4.0 110 GPZ UNICA M - Bat Group","description":"Senkrechtmarkise mit 110mm Kasten und verdeckt liegenderAusfallstange, ZIP-System und freitragender Kassette. Geeignetf\u00fcr Montage in T\u00fcr- und Fensterrahmen.","robots":{"index":"index","follow":"follow","max-snippet":"max-snippet:-1","max-image-preview":"max-image-preview:large","max-video-preview":"max-video-preview:-1"},"canonical":"https:\/\/batgroup.4demo.it\/de\/prodotto\/screeny-4-0-110-gpz-unica-m\/","og_locale":"de_DE","og_type":"article","og_title":"SCREENY 4.0 110 GPZ UNICA M - Bat Group","og_description":"Senkrechtmarkise mit 110mm Kasten und verdeckt liegenderAusfallstange, ZIP-System und freitragender Kassette. Geeignetf\u00fcr Montage in T\u00fcr- und Fensterrahmen.","og_url":"https:\/\/batgroup.4demo.it\/de\/prodotto\/screeny-4-0-110-gpz-unica-m\/","og_site_name":"Bat Group","article_modified_time":"2024-04-22T07:51:39+00:00","og_image":[{"width":2102,"height":2560,"url":"https:\/\/batgroup.4demo.it\/wp-content\/uploads\/2024\/04\/911.55.600.jpg","type":"image\/jpeg"}],"twitter_card":"summary_large_image","schema":{"@context":"https:\/\/schema.org","@graph":[{"@type":"WebPage","@id":"https:\/\/batgroup.4demo.it\/de\/prodotto\/screeny-4-0-110-gpz-unica-m\/","url":"https:\/\/batgroup.4demo.it\/de\/prodotto\/screeny-4-0-110-gpz-unica-m\/","name":"SCREENY 4.0 110 GPZ UNICA M - Bat Group","isPartOf":{"@id":"https:\/\/batgroup.4demo.it\/#website"},"primaryImageOfPage":{"@id":"https:\/\/batgroup.4demo.it\/de\/prodotto\/screeny-4-0-110-gpz-unica-m\/#primaryimage"},"image":{"@id":"https:\/\/batgroup.4demo.it\/de\/prodotto\/screeny-4-0-110-gpz-unica-m\/#primaryimage"},"thumbnailUrl":"https:\/\/batgroup.4demo.it\/wp-content\/uploads\/2024\/04\/911.55.600.jpg","datePublished":"2024-04-19T09:20:10+00:00","dateModified":"2024-04-22T07:51:39+00:00","description":"Senkrechtmarkise mit 110mm Kasten und verdeckt liegenderAusfallstange, ZIP-System und freitragender Kassette. Geeignetf\u00fcr Montage in T\u00fcr- und Fensterrahmen.","breadcrumb":{"@id":"https:\/\/batgroup.4demo.it\/de\/prodotto\/screeny-4-0-110-gpz-unica-m\/#breadcrumb"},"inLanguage":"de","potentialAction":[{"@type":"ReadAction","target":["https:\/\/batgroup.4demo.it\/de\/prodotto\/screeny-4-0-110-gpz-unica-m\/"]}]},{"@type":"ImageObject","inLanguage":"de","@id":"https:\/\/batgroup.4demo.it\/de\/prodotto\/screeny-4-0-110-gpz-unica-m\/#primaryimage","url":"https:\/\/batgroup.4demo.it\/wp-content\/uploads\/2024\/04\/911.55.600.jpg","contentUrl":"https:\/\/batgroup.4demo.it\/wp-content\/uploads\/2024\/04\/911.55.600.jpg","width":2102,"height":2560},{"@type":"BreadcrumbList","@id":"https:\/\/batgroup.4demo.it\/de\/prodotto\/screeny-4-0-110-gpz-unica-m\/#breadcrumb","itemListElement":[{"@type":"ListItem","position":1,"name":"Home","item":"https:\/\/batgroup.4demo.it\/de\/"},{"@type":"ListItem","position":2,"name":"Produkte","item":"https:\/\/batgroup.4demo.it\/de\/produkte\/"},{"@type":"ListItem","position":3,"name":"SCREENY 4.0 110 GPZ UNICA M"}]},{"@type":"WebSite","@id":"https:\/\/batgroup.4demo.it\/#website","url":"https:\/\/batgroup.4demo.it\/","name":"Bat Group","description":"Accessori e componenti per sistemi di schermatura solare","potentialAction":[{"@type":"SearchAction","target":{"@type":"EntryPoint","urlTemplate":"https:\/\/batgroup.4demo.it\/?s={search_term_string}"},"query-input":{"@type":"PropertyValueSpecification","valueRequired":true,"valueName":"search_term_string"}}],"inLanguage":"de"}]}},"_links":{"self":[{"href":"https:\/\/batgroup.4demo.it\/de\/wp-json\/wp\/v2\/product\/133110\/"}],"collection":[{"href":"https:\/\/batgroup.4demo.it\/de\/wp-json\/wp\/v2\/product\/"}],"about":[{"href":"https:\/\/batgroup.4demo.it\/de\/wp-json\/wp\/v2\/types\/product\/"}],"wp:featuredmedia":[{"embeddable":true,"href":"https:\/\/batgroup.4demo.it\/de\/wp-json\/wp\/v2\/media\/133083\/"}],"wp:attachment":[{"href":"https:\/\/batgroup.4demo.it\/de\/wp-json\/wp\/v2\/media\/?parent=133110"}],"curies":[{"name":"wp","href":"https:\/\/api.w.org\/{rel}","templated":true}]}}