{"id":11920,"date":"2017-11-14T16:16:35","date_gmt":"2017-11-14T15:16:35","guid":{"rendered":"http:\/\/bat.itpowernet.it\/informacion-de-la-compania\/"},"modified":"2019-02-12T11:19:53","modified_gmt":"2019-02-12T10:19:53","slug":"informacion-de-la-compania","status":"publish","type":"page","link":"https:\/\/batgroup.4demo.it\/es\/informacion-de-la-compania\/","title":{"rendered":"Informaci\u00f3n de la Compa\u00f1\u00eda"},"content":{"rendered":"<p><b>BAT S.p.A.<\/b><\/p>\n<p>Domicilio Social:<br \/>\nvia Henry Ford Z.I. EST,<br \/>\n30020 &#8211; Noventa di Piave (VE) &#8211; Italia<\/p>\n<p>tel. \u00a0+39 0421 6672<br \/>\nfax. +39 0421 659007<br \/>\ne-mail: info@batgroup.com<\/p>\n<p>Registro IVA: 01808880270<br \/>\nCapital Social: \u20ac 5.051.800,00<br \/>\nInscripci\u00f3n en el registro de empresas en Venecia: VE 01808880270<br \/>\n(Registro Econ\u00f3mico Administrativo) R.E.A: VE-180386<\/p>\n","protected":false},"excerpt":{"rendered":"<p>BAT S.p.A. Domicilio Social: via Henry Ford Z.I. EST, 30020 &#8211; Noventa di Piave (VE) &#8211; Italia tel. \u00a0+39 0421 6672 fax. +39 0421 659007 e-mail: info@batgroup.com Registro IVA: 01808880270 Capital Social: \u20ac 5.051.800,00 Inscripci\u00f3n en el registro de empresas en Venecia: VE 01808880270 (Registro Econ\u00f3mico Administrativo) R.E.A: VE-180386<\/p>\n","protected":false},"author":1,"featured_media":0,"parent":0,"menu_order":0,"comment_status":"closed","ping_status":"closed","template":"","meta":{"_acf_changed":false,"footnotes":""},"class_list":["post-11920","page","type-page","status-publish","hentry"],"acf":[],"yoast_head":"<!-- This site is optimized with the Yoast SEO plugin v26.0 - https:\/\/yoast.com\/wordpress\/plugins\/seo\/ -->\n<title>Informaci\u00f3n de la Compa\u00f1\u00eda - Bat Group<\/title>\n<meta name=\"robots\" content=\"index, follow, max-snippet:-1, max-image-preview:large, max-video-preview:-1\" \/>\n<link rel=\"canonical\" href=\"https:\/\/batgroup.4demo.it\/es\/informacion-de-la-compania\/\" \/>\n<meta property=\"og:locale\" content=\"es_ES\" \/>\n<meta property=\"og:type\" content=\"article\" \/>\n<meta property=\"og:title\" content=\"Informaci\u00f3n de la Compa\u00f1\u00eda - Bat Group\" \/>\n<meta property=\"og:description\" content=\"BAT S.p.A. Domicilio Social: via Henry Ford Z.I. EST, 30020 &#8211; Noventa di Piave (VE) &#8211; Italia tel. \u00a0+39 0421 6672 fax. +39 0421 659007 e-mail: info@batgroup.com Registro IVA: 01808880270 Capital Social: \u20ac 5.051.800,00 Inscripci\u00f3n en el registro de empresas en Venecia: VE 01808880270 (Registro Econ\u00f3mico Administrativo) R.E.A: VE-180386\" \/>\n<meta property=\"og:url\" content=\"https:\/\/batgroup.4demo.it\/es\/informacion-de-la-compania\/\" \/>\n<meta property=\"og:site_name\" content=\"Bat Group\" \/>\n<meta property=\"article:modified_time\" content=\"2019-02-12T10:19:53+00:00\" \/>\n<meta name=\"twitter:card\" content=\"summary_large_image\" \/>\n<!-- \/ Yoast SEO plugin. -->","yoast_head_json":{"title":"Informaci\u00f3n de la Compa\u00f1\u00eda - Bat Group","robots":{"index":"index","follow":"follow","max-snippet":"max-snippet:-1","max-image-preview":"max-image-preview:large","max-video-preview":"max-video-preview:-1"},"canonical":"https:\/\/batgroup.4demo.it\/es\/informacion-de-la-compania\/","og_locale":"es_ES","og_type":"article","og_title":"Informaci\u00f3n de la Compa\u00f1\u00eda - Bat Group","og_description":"BAT S.p.A. Domicilio Social: via Henry Ford Z.I. EST, 30020 &#8211; Noventa di Piave (VE) &#8211; Italia tel. \u00a0+39 0421 6672 fax. +39 0421 659007 e-mail: info@batgroup.com Registro IVA: 01808880270 Capital Social: \u20ac 5.051.800,00 Inscripci\u00f3n en el registro de empresas en Venecia: VE 01808880270 (Registro Econ\u00f3mico Administrativo) R.E.A: VE-180386","og_url":"https:\/\/batgroup.4demo.it\/es\/informacion-de-la-compania\/","og_site_name":"Bat Group","article_modified_time":"2019-02-12T10:19:53+00:00","twitter_card":"summary_large_image","schema":{"@context":"https:\/\/schema.org","@graph":[{"@type":"WebPage","@id":"https:\/\/batgroup.4demo.it\/es\/informacion-de-la-compania\/","url":"https:\/\/batgroup.4demo.it\/es\/informacion-de-la-compania\/","name":"Informaci\u00f3n de la Compa\u00f1\u00eda - Bat Group","isPartOf":{"@id":"https:\/\/batgroup.4demo.it\/#website"},"datePublished":"2017-11-14T15:16:35+00:00","dateModified":"2019-02-12T10:19:53+00:00","breadcrumb":{"@id":"https:\/\/batgroup.4demo.it\/es\/informacion-de-la-compania\/#breadcrumb"},"inLanguage":"es","potentialAction":[{"@type":"ReadAction","target":["https:\/\/batgroup.4demo.it\/es\/informacion-de-la-compania\/"]}]},{"@type":"BreadcrumbList","@id":"https:\/\/batgroup.4demo.it\/es\/informacion-de-la-compania\/#breadcrumb","itemListElement":[{"@type":"ListItem","position":1,"name":"Home","item":"https:\/\/batgroup.4demo.it\/es\/"},{"@type":"ListItem","position":2,"name":"Informaci\u00f3n de la Compa\u00f1\u00eda"}]},{"@type":"WebSite","@id":"https:\/\/batgroup.4demo.it\/#website","url":"https:\/\/batgroup.4demo.it\/","name":"Bat Group","description":"Accessori e componenti per sistemi di schermatura solare","potentialAction":[{"@type":"SearchAction","target":{"@type":"EntryPoint","urlTemplate":"https:\/\/batgroup.4demo.it\/?s={search_term_string}"},"query-input":{"@type":"PropertyValueSpecification","valueRequired":true,"valueName":"search_term_string"}}],"inLanguage":"es"}]}},"_links":{"self":[{"href":"https:\/\/batgroup.4demo.it\/es\/wp-json\/wp\/v2\/pages\/11920\/"}],"collection":[{"href":"https:\/\/batgroup.4demo.it\/es\/wp-json\/wp\/v2\/pages\/"}],"about":[{"href":"https:\/\/batgroup.4demo.it\/es\/wp-json\/wp\/v2\/types\/page\/"}],"author":[{"embeddable":true,"href":"https:\/\/batgroup.4demo.it\/es\/wp-json\/wp\/v2\/users\/1\/"}],"replies":[{"embeddable":true,"href":"https:\/\/batgroup.4demo.it\/es\/wp-json\/wp\/v2\/comments\/?post=11920"}],"version-history":[{"count":0,"href":"https:\/\/batgroup.4demo.it\/es\/wp-json\/wp\/v2\/pages\/11920\/revisions\/"}],"wp:attachment":[{"href":"https:\/\/batgroup.4demo.it\/es\/wp-json\/wp\/v2\/media\/?parent=11920"}],"curies":[{"name":"wp","href":"https:\/\/api.w.org\/{rel}","templated":true}]}}