{"id":133111,"date":"2024-04-19T11:20:10","date_gmt":"2024-04-19T09:20:10","guid":{"rendered":"https:\/\/www.batgroup.com\/prodotto\/screeny-4-0-110-gpz-unica-m\/"},"modified":"2024-04-22T09:49:15","modified_gmt":"2024-04-22T07:49:15","slug":"screeny-4-0-110-gpz-unica-m","status":"publish","type":"product","link":"https:\/\/batgroup.4demo.it\/es\/prodotto\/screeny-4-0-110-gpz-unica-m\/","title":{"rendered":"SCREENY 4.0 110 GPZ UNICA M"},"content":{"rendered":"","protected":false},"excerpt":{"rendered":"<p>Toldo con cofre de 110mm y terminal escamoteable, dotada de sistema de gu\u00eda ZIP y cofre autoportante. Adaptada para instalaciones sobre fijos, sea entreparedes o a frontal, r\u00e1pida y \u00e1gil de instalar e inspeccionar. La gu\u00eda est\u00e1 compuesta por dos perfiles: soporte y cubierta, est\u00e1 desarrollada solo para sistemas motorizados reduciendo la l\u00ednea en 36 mm.<\/p>\n","protected":false},"featured_media":133084,"template":"","meta":{"_acf_changed":false},"class_list":["post-133111","product","type-product","status-publish","has-post-thumbnail","hentry","product_cat-screeny-es","product_cat-screeny-4-0-110-es-screeny-es"],"acf":[],"yoast_head":"<!-- This site is optimized with the Yoast SEO plugin v26.0 - https:\/\/yoast.com\/wordpress\/plugins\/seo\/ -->\n<title>SCREENY 4.0 110 GPZ UNICA M - Bat Group<\/title>\n<meta name=\"description\" content=\"Toldo con cofre de 110mm y terminal escamoteable, dotada desistema de gu\u00eda ZIP y cofre autoportante.\" \/>\n<meta name=\"robots\" content=\"index, follow, max-snippet:-1, max-image-preview:large, max-video-preview:-1\" \/>\n<link rel=\"canonical\" href=\"https:\/\/batgroup.4demo.it\/es\/prodotto\/screeny-4-0-110-gpz-unica-m\/\" \/>\n<meta property=\"og:locale\" content=\"es_ES\" \/>\n<meta property=\"og:type\" content=\"article\" \/>\n<meta property=\"og:title\" content=\"SCREENY 4.0 110 GPZ UNICA M - Bat Group\" \/>\n<meta property=\"og:description\" content=\"Toldo con cofre de 110mm y terminal escamoteable, dotada desistema de gu\u00eda ZIP y cofre autoportante.\" \/>\n<meta property=\"og:url\" content=\"https:\/\/batgroup.4demo.it\/es\/prodotto\/screeny-4-0-110-gpz-unica-m\/\" \/>\n<meta property=\"og:site_name\" content=\"Bat Group\" \/>\n<meta property=\"article:modified_time\" content=\"2024-04-22T07:49:15+00:00\" \/>\n<meta property=\"og:image\" content=\"https:\/\/batgroup.4demo.it\/wp-content\/uploads\/2024\/04\/911.55.600.jpg\" \/>\n\t<meta property=\"og:image:width\" content=\"2102\" \/>\n\t<meta property=\"og:image:height\" content=\"2560\" \/>\n\t<meta property=\"og:image:type\" content=\"image\/jpeg\" \/>\n<meta name=\"twitter:card\" content=\"summary_large_image\" \/>\n<!-- \/ Yoast SEO plugin. -->","yoast_head_json":{"title":"SCREENY 4.0 110 GPZ UNICA M - Bat Group","description":"Toldo con cofre de 110mm y terminal escamoteable, dotada desistema de gu\u00eda ZIP y cofre autoportante.","robots":{"index":"index","follow":"follow","max-snippet":"max-snippet:-1","max-image-preview":"max-image-preview:large","max-video-preview":"max-video-preview:-1"},"canonical":"https:\/\/batgroup.4demo.it\/es\/prodotto\/screeny-4-0-110-gpz-unica-m\/","og_locale":"es_ES","og_type":"article","og_title":"SCREENY 4.0 110 GPZ UNICA M - Bat Group","og_description":"Toldo con cofre de 110mm y terminal escamoteable, dotada desistema de gu\u00eda ZIP y cofre autoportante.","og_url":"https:\/\/batgroup.4demo.it\/es\/prodotto\/screeny-4-0-110-gpz-unica-m\/","og_site_name":"Bat Group","article_modified_time":"2024-04-22T07:49:15+00:00","og_image":[{"width":2102,"height":2560,"url":"https:\/\/batgroup.4demo.it\/wp-content\/uploads\/2024\/04\/911.55.600.jpg","type":"image\/jpeg"}],"twitter_card":"summary_large_image","schema":{"@context":"https:\/\/schema.org","@graph":[{"@type":"WebPage","@id":"https:\/\/batgroup.4demo.it\/es\/prodotto\/screeny-4-0-110-gpz-unica-m\/","url":"https:\/\/batgroup.4demo.it\/es\/prodotto\/screeny-4-0-110-gpz-unica-m\/","name":"SCREENY 4.0 110 GPZ UNICA M - Bat Group","isPartOf":{"@id":"https:\/\/batgroup.4demo.it\/#website"},"primaryImageOfPage":{"@id":"https:\/\/batgroup.4demo.it\/es\/prodotto\/screeny-4-0-110-gpz-unica-m\/#primaryimage"},"image":{"@id":"https:\/\/batgroup.4demo.it\/es\/prodotto\/screeny-4-0-110-gpz-unica-m\/#primaryimage"},"thumbnailUrl":"https:\/\/batgroup.4demo.it\/wp-content\/uploads\/2024\/04\/911.55.600.jpg","datePublished":"2024-04-19T09:20:10+00:00","dateModified":"2024-04-22T07:49:15+00:00","description":"Toldo con cofre de 110mm y terminal escamoteable, dotada desistema de gu\u00eda ZIP y cofre autoportante.","breadcrumb":{"@id":"https:\/\/batgroup.4demo.it\/es\/prodotto\/screeny-4-0-110-gpz-unica-m\/#breadcrumb"},"inLanguage":"es","potentialAction":[{"@type":"ReadAction","target":["https:\/\/batgroup.4demo.it\/es\/prodotto\/screeny-4-0-110-gpz-unica-m\/"]}]},{"@type":"ImageObject","inLanguage":"es","@id":"https:\/\/batgroup.4demo.it\/es\/prodotto\/screeny-4-0-110-gpz-unica-m\/#primaryimage","url":"https:\/\/batgroup.4demo.it\/wp-content\/uploads\/2024\/04\/911.55.600.jpg","contentUrl":"https:\/\/batgroup.4demo.it\/wp-content\/uploads\/2024\/04\/911.55.600.jpg","width":2102,"height":2560},{"@type":"BreadcrumbList","@id":"https:\/\/batgroup.4demo.it\/es\/prodotto\/screeny-4-0-110-gpz-unica-m\/#breadcrumb","itemListElement":[{"@type":"ListItem","position":1,"name":"Home","item":"https:\/\/batgroup.4demo.it\/es\/"},{"@type":"ListItem","position":2,"name":"Productos","item":"https:\/\/batgroup.4demo.it\/es\/productos\/"},{"@type":"ListItem","position":3,"name":"SCREENY 4.0 110 GPZ UNICA M"}]},{"@type":"WebSite","@id":"https:\/\/batgroup.4demo.it\/#website","url":"https:\/\/batgroup.4demo.it\/","name":"Bat Group","description":"Accessori e componenti per sistemi di schermatura solare","potentialAction":[{"@type":"SearchAction","target":{"@type":"EntryPoint","urlTemplate":"https:\/\/batgroup.4demo.it\/?s={search_term_string}"},"query-input":{"@type":"PropertyValueSpecification","valueRequired":true,"valueName":"search_term_string"}}],"inLanguage":"es"}]}},"_links":{"self":[{"href":"https:\/\/batgroup.4demo.it\/es\/wp-json\/wp\/v2\/product\/133111\/"}],"collection":[{"href":"https:\/\/batgroup.4demo.it\/es\/wp-json\/wp\/v2\/product\/"}],"about":[{"href":"https:\/\/batgroup.4demo.it\/es\/wp-json\/wp\/v2\/types\/product\/"}],"wp:featuredmedia":[{"embeddable":true,"href":"https:\/\/batgroup.4demo.it\/es\/wp-json\/wp\/v2\/media\/133084\/"}],"wp:attachment":[{"href":"https:\/\/batgroup.4demo.it\/es\/wp-json\/wp\/v2\/media\/?parent=133111"}],"curies":[{"name":"wp","href":"https:\/\/api.w.org\/{rel}","templated":true}]}}