{"id":12042,"date":"2017-10-04T12:26:35","date_gmt":"2017-10-04T10:26:35","guid":{"rendered":"http:\/\/bat.itpowernet.it\/?page_id=12042"},"modified":"2022-04-22T16:52:16","modified_gmt":"2022-04-22T14:52:16","slug":"qualite-e-certification","status":"publish","type":"page","link":"https:\/\/batgroup.4demo.it\/fr\/qualite-e-certification\/","title":{"rendered":"Qualit\u00e9 e certification"},"content":{"rendered":"<p>[vc_row layout=&#8221;boxed&#8221; el_class=&#8221;margin-bottom-30&#8243;][vc_column width=&#8221;1\/4&#8243; el_class=&#8221;col-md-3 col-sm-12&#8243;]            <div class=\"heading color-dark size-md text-left \" >\n                                <div class=\"line-single\">\n                                                        <h2>\n                        Qualit\u00e9                     <\/h2>\n                                    <\/div>\n                            <\/div>\n            [\/vc_column][vc_column width=&#8221;3\/4&#8243; el_class=&#8221;col-md-9 col-sm-12&#8243;][vc_column_text]La qualit\u00e9 et la s\u00e9curit\u00e9 sont parmi les points forts des produits Bat. En continuant \u00e0 suivre et \u00e0 surveiller ces exigences, BAT est \u00e9quip\u00e9e d&#8217;instruments m\u00e9trologiques soumis \u00e0 des audits r\u00e9guliers, de redevances de contr\u00f4le pour les d\u00e9partements de production et d&#8217;instructions de contr\u00f4le avec des modules de collecte de donn\u00e9es aux \u00e9tapes critiques du processus.<br \/>\nElle est \u00e9galement \u00e9quip\u00e9e d&#8217;un laboratoire d&#8217;essais pour effectuer des tests d&#8217;\u00e9tanch\u00e9it\u00e9 sur les composants uniques et les stores finis, d&#8217;un banc dynamom\u00e9trique pour les essais de traction douce, d&#8217;une v\u00e9rification manuelle des bras, ainsi que de machines d&#8217;essai d\u2019usure des bras eux-m\u00eames extensibles.[\/vc_column_text][\/vc_column][\/vc_row][vc_row layout=&#8221;fullwidth-visible&#8221; el_class=&#8221;margin-bottom-0&#8243; css=&#8221;.vc_custom_1511859510087{padding-top: 60px !important;padding-right: 50px !important;padding-bottom: 60px !important;padding-left: 40px !important;background-color: #eeeeee !important;}&#8221;][vc_column][vc_row_inner layout=&#8221;boxed&#8221;][vc_column_inner width=&#8221;1\/4&#8243;]            <div class=\"heading color-dark size-md text-left \" >\n                                <div class=\"line-single\">\n                                                        <h2>\n                        CERTIFICATIONS                    <\/h2>\n                                    <\/div>\n                            <\/div>\n            [\/vc_column_inner][vc_column_inner width=&#8221;3\/4&#8243;][vc_column_text]Le laboratoire dispose \u00e9galement de deux cadres pour tester les stores finis, qu\u2019il s\u2019agisse de bras, de chutes, d\u2019\u00e9cran ou d\u2019installations pour grandes toitures, test\u00e9s conform\u00e9ment aux normes europ\u00e9ennes EN13561 e EN1932.<br \/>\nLes r\u00e9sultats des tests de r\u00e9sistance au vent sont un \u00e9l\u00e9ment important pour la certification CE aujourd\u2019hui obligatoire.<br \/>\nBAT a mis \u00e0 jour et mis en \u0153uvre des certifications de produits et nous sommes heureux d\u2019annoncer que nos nouveaux tests, outre l\u2019acceptation de certains mod\u00e8les de stores dans les classes sup\u00e9rieures par rapport au pass\u00e9, donnent \u00e9galement une \u00ab garantie \u00bb d\u2019\u00e9tanch\u00e9it\u00e9.[\/vc_column_text]            <div class=\"heading color-dark size-sm text-left margin-top-60\" >\n                                                        <h2>\n                        CERTIFICATION CE                    <\/h2>\n                                <\/div>\n            [vc_column_text]BAT r\u00e9serve \u00e0 ses clients la possibilit\u00e9 d&#8217;avoir gratuitement les r\u00e9sultats de chaque test afin de r\u00e9aliser l&#8217;autocertification et ainsi pouvoir apposer le label CE sur le produit fini. BAT estime que la certification CE de ses produits est une garantie suppl\u00e9mentaire d&#8217;efficacit\u00e9, de durabilit\u00e9 et de solidit\u00e9.[\/vc_column_text]            <div class=\"heading color-dark size-sm text-left margin-top-60\" >\n                                                        <h2>\n                        CERTIFICATION AEO                    <\/h2>\n                                <\/div>\n            [vc_column_text]BAT Spa a obtenu la certification AEO d\u2019op\u00e9rateur \u00e9conomique agr\u00e9\u00e9 (autorisation no. IT AEOF 21 1847), d\u00e9livr\u00e9e par les autorit\u00e9s douani\u00e8res. Une \u00e9tape importante qui certifie la fiabilit\u00e9, l&#8217;efficacit\u00e9 et la s\u00e9curit\u00e9 de BAT Spa vis-\u00e0-vis du march\u00e9, qui garantit la solvabilit\u00e9 financi\u00e8re et qui certifie la s\u00e9curit\u00e9 des processus li\u00e9s \u00e0 la logistique.[\/vc_column_text][\/vc_column_inner][\/vc_row_inner][\/vc_column][\/vc_row][vc_row layout=&#8221;boxed&#8221; equal_height=&#8221;yes&#8221; el_class=&#8221;margin-top-60&#8243;][vc_column]            <div class=\"heading color-dark size-sm text-center \" >\n                                                        <h2>\n                        MADE IN ITALY                    <\/h2>\n                                <\/div>\n            [\/vc_column][\/vc_row][vc_row layout=&#8221;boxed&#8221; equal_height=&#8221;yes&#8221; video_link=&#8221;&#8221; css=&#8221;.vc_custom_1511522758330{margin-bottom: 60px !important;}&#8221;][vc_column][vc_column_text]<\/p>\n<p style=\"text-align: center;\">La qualit\u00e9 des produits BAT n\u2019est pas seulement certifi\u00e9e par des instituts nationaux et internationaux,<br \/>\nmais aussi par le fait que toute la cha\u00eene de production est dict\u00e9e par une fili\u00e8re interne au sein du Groupe.<\/p>\n<p>[\/vc_column_text][\/vc_column][\/vc_row][vc_row css=&#8221;.vc_custom_1511513307299{background-color: #eeeeee !important;}&#8221;][vc_column]            <div class=\"heading color-dark size-md text-center margin-top-95\" >\n                                <div class=\"line-single\">\n                                                        <h2>\n                        BREVETS                    <\/h2>\n                                    <\/div>\n                            <\/div>\n            [vc_row_inner el_class=&#8221;margin-top-55 margin-bottom-95&#8243;][vc_column_inner width=&#8221;1\/4&#8243;][vc_empty_space][\/vc_column_inner][vc_column_inner width=&#8221;1\/4&#8243;]            <div class=\"counter \">\n                                            <span class=\"display-percentage p-font\" style=\"color: \" data-percentage=\"16\">16<\/span>\n                                    <p class=\"counter-title s-font\" style=\"color: \">BREVETS DE CONCEPTION<\/p>\n                            <\/div>\n            [\/vc_column_inner][vc_column_inner width=&#8221;1\/4&#8243;]            <div class=\"counter \">\n                                            <span class=\"display-percentage p-font\" style=\"color: \" data-percentage=\"21\">21<\/span>\n                                    <p class=\"counter-title s-font\" style=\"color: \">BREVETS D'INVENTION<\/p>\n                            <\/div>\n            [\/vc_column_inner][vc_column_inner width=&#8221;1\/4&#8243;][vc_empty_space][\/vc_column_inner][\/vc_row_inner][\/vc_column][\/vc_row]<\/p>\n","protected":false},"excerpt":{"rendered":"<p>[vc_row layout=&#8221;boxed&#8221; el_class=&#8221;margin-bottom-30&#8243;][vc_column width=&#8221;1\/4&#8243; el_class=&#8221;col-md-3 col-sm-12&#8243;][\/vc_column][vc_column width=&#8221;3\/4&#8243; el_class=&#8221;col-md-9 col-sm-12&#8243;][vc_column_text]La qualit\u00e9 et la s\u00e9curit\u00e9 sont parmi les points forts des produits Bat. En continuant \u00e0 suivre et \u00e0 surveiller ces exigences, BAT est \u00e9quip\u00e9e d&#8217;instruments m\u00e9trologiques soumis \u00e0 des audits r\u00e9guliers, de redevances de contr\u00f4le pour les d\u00e9partements de production et d&#8217;instructions de contr\u00f4le avec des [&hellip;]<\/p>\n","protected":false},"author":1,"featured_media":0,"parent":0,"menu_order":0,"comment_status":"closed","ping_status":"closed","template":"","meta":{"_acf_changed":false,"footnotes":""},"class_list":["post-12042","page","type-page","status-publish","hentry"],"acf":[],"yoast_head":"<!-- This site is optimized with the Yoast SEO plugin v26.0 - https:\/\/yoast.com\/wordpress\/plugins\/seo\/ -->\n<title>Profils en Aluminium et Supports pour Stores Bannes - Bat Group<\/title>\n<meta name=\"description\" content=\"Profils en aluminium et supports pour tout mod\u00e8le de store banne con\u00e7us d&#039;apr\u00e8s des solutions innovantes, s\u00fbres et profitables. Large gamme de profils.\" \/>\n<meta name=\"robots\" content=\"index, follow, max-snippet:-1, max-image-preview:large, max-video-preview:-1\" \/>\n<link rel=\"canonical\" href=\"https:\/\/batgroup.4demo.it\/fr\/qualite-e-certification\/\" \/>\n<meta property=\"og:locale\" content=\"fr_FR\" \/>\n<meta property=\"og:type\" content=\"article\" \/>\n<meta property=\"og:title\" content=\"Profils en Aluminium et Supports pour Stores Bannes - Bat Group\" \/>\n<meta property=\"og:description\" content=\"Profils en aluminium et supports pour tout mod\u00e8le de store banne con\u00e7us d&#039;apr\u00e8s des solutions innovantes, s\u00fbres et profitables. Large gamme de profils.\" \/>\n<meta property=\"og:url\" content=\"https:\/\/batgroup.4demo.it\/fr\/qualite-e-certification\/\" \/>\n<meta property=\"og:site_name\" content=\"Bat Group\" \/>\n<meta property=\"article:modified_time\" content=\"2022-04-22T14:52:16+00:00\" \/>\n<meta name=\"twitter:card\" content=\"summary_large_image\" \/>\n<meta name=\"twitter:label1\" content=\"Dur\u00e9e de lecture estim\u00e9e\" \/>\n\t<meta name=\"twitter:data1\" content=\"3 minutes\" \/>\n<!-- \/ Yoast SEO plugin. -->","yoast_head_json":{"title":"Profils en Aluminium et Supports pour Stores Bannes - Bat Group","description":"Profils en aluminium et supports pour tout mod\u00e8le de store banne con\u00e7us d'apr\u00e8s des solutions innovantes, s\u00fbres et profitables. Large gamme de profils.","robots":{"index":"index","follow":"follow","max-snippet":"max-snippet:-1","max-image-preview":"max-image-preview:large","max-video-preview":"max-video-preview:-1"},"canonical":"https:\/\/batgroup.4demo.it\/fr\/qualite-e-certification\/","og_locale":"fr_FR","og_type":"article","og_title":"Profils en Aluminium et Supports pour Stores Bannes - Bat Group","og_description":"Profils en aluminium et supports pour tout mod\u00e8le de store banne con\u00e7us d'apr\u00e8s des solutions innovantes, s\u00fbres et profitables. Large gamme de profils.","og_url":"https:\/\/batgroup.4demo.it\/fr\/qualite-e-certification\/","og_site_name":"Bat Group","article_modified_time":"2022-04-22T14:52:16+00:00","twitter_card":"summary_large_image","twitter_misc":{"Dur\u00e9e de lecture estim\u00e9e":"3 minutes"},"schema":{"@context":"https:\/\/schema.org","@graph":[{"@type":"WebPage","@id":"https:\/\/batgroup.4demo.it\/fr\/qualite-e-certification\/","url":"https:\/\/batgroup.4demo.it\/fr\/qualite-e-certification\/","name":"Profils en Aluminium et Supports pour Stores Bannes - Bat Group","isPartOf":{"@id":"https:\/\/batgroup.4demo.it\/#website"},"datePublished":"2017-10-04T10:26:35+00:00","dateModified":"2022-04-22T14:52:16+00:00","description":"Profils en aluminium et supports pour tout mod\u00e8le de store banne con\u00e7us d'apr\u00e8s des solutions innovantes, s\u00fbres et profitables. Large gamme de profils.","breadcrumb":{"@id":"https:\/\/batgroup.4demo.it\/fr\/qualite-e-certification\/#breadcrumb"},"inLanguage":"fr-FR","potentialAction":[{"@type":"ReadAction","target":["https:\/\/batgroup.4demo.it\/fr\/qualite-e-certification\/"]}]},{"@type":"BreadcrumbList","@id":"https:\/\/batgroup.4demo.it\/fr\/qualite-e-certification\/#breadcrumb","itemListElement":[{"@type":"ListItem","position":1,"name":"Home","item":"https:\/\/batgroup.4demo.it\/fr\/"},{"@type":"ListItem","position":2,"name":"Qualit\u00e9 e certification"}]},{"@type":"WebSite","@id":"https:\/\/batgroup.4demo.it\/#website","url":"https:\/\/batgroup.4demo.it\/","name":"Bat Group","description":"Accessori e componenti per sistemi di schermatura solare","potentialAction":[{"@type":"SearchAction","target":{"@type":"EntryPoint","urlTemplate":"https:\/\/batgroup.4demo.it\/?s={search_term_string}"},"query-input":{"@type":"PropertyValueSpecification","valueRequired":true,"valueName":"search_term_string"}}],"inLanguage":"fr-FR"}]}},"_links":{"self":[{"href":"https:\/\/batgroup.4demo.it\/fr\/wp-json\/wp\/v2\/pages\/12042\/"}],"collection":[{"href":"https:\/\/batgroup.4demo.it\/fr\/wp-json\/wp\/v2\/pages\/"}],"about":[{"href":"https:\/\/batgroup.4demo.it\/fr\/wp-json\/wp\/v2\/types\/page\/"}],"author":[{"embeddable":true,"href":"https:\/\/batgroup.4demo.it\/fr\/wp-json\/wp\/v2\/users\/1\/"}],"replies":[{"embeddable":true,"href":"https:\/\/batgroup.4demo.it\/fr\/wp-json\/wp\/v2\/comments\/?post=12042"}],"version-history":[{"count":0,"href":"https:\/\/batgroup.4demo.it\/fr\/wp-json\/wp\/v2\/pages\/12042\/revisions\/"}],"wp:attachment":[{"href":"https:\/\/batgroup.4demo.it\/fr\/wp-json\/wp\/v2\/media\/?parent=12042"}],"curies":[{"name":"wp","href":"https:\/\/api.w.org\/{rel}","templated":true}]}}