{"id":133277,"date":"2024-04-22T10:10:12","date_gmt":"2024-04-22T08:10:12","guid":{"rendered":"https:\/\/www.batgroup.com\/prodotto\/screeny-4-0-110-gpz-mb\/"},"modified":"2024-04-22T10:18:11","modified_gmt":"2024-04-22T08:18:11","slug":"screeny-4-0-110-gpz-mb","status":"publish","type":"product","link":"https:\/\/batgroup.4demo.it\/fr\/prodotto\/screeny-4-0-110-gpz-mb\/","title":{"rendered":"SCREENY 4.0 110 GPZ MB"},"content":{"rendered":"","protected":false},"excerpt":{"rendered":"<p>Store avec un coffre de 110mm et barre de charge r\u00e9tractable, avec un guide profil libre, syst\u00e8me ZIP et coffre autoportante. Appropri\u00e9 pour l\u2019int\u00e9gration des syst\u00e8mes pour fen\u00eatre, am\u00e9liorant les \u00e9conomies d\u2019\u00e9nergie.<\/p>\n","protected":false},"featured_media":133270,"template":"","meta":{"_acf_changed":false},"class_list":["post-133277","product","type-product","status-publish","has-post-thumbnail","hentry","product_cat-screeny-fr","product_cat-screeny-4-0-110-fr-screeny-fr"],"acf":[],"yoast_head":"<!-- This site is optimized with the Yoast SEO plugin v26.0 - https:\/\/yoast.com\/wordpress\/plugins\/seo\/ -->\n<title>SCREENY 4.0 110 GPZ MB - Bat Group<\/title>\n<meta name=\"description\" content=\"Store avec un coffre de 110mm et barre de charge r\u00e9tractable,avec un guide profil libre, syst\u00e8me ZIP et coffre autoportante.\" \/>\n<meta name=\"robots\" content=\"index, follow, max-snippet:-1, max-image-preview:large, max-video-preview:-1\" \/>\n<link rel=\"canonical\" href=\"https:\/\/batgroup.4demo.it\/fr\/prodotto\/screeny-4-0-110-gpz-mb\/\" \/>\n<meta property=\"og:locale\" content=\"fr_FR\" \/>\n<meta property=\"og:type\" content=\"article\" \/>\n<meta property=\"og:title\" content=\"SCREENY 4.0 110 GPZ MB - Bat Group\" \/>\n<meta property=\"og:description\" content=\"Store avec un coffre de 110mm et barre de charge r\u00e9tractable,avec un guide profil libre, syst\u00e8me ZIP et coffre autoportante.\" \/>\n<meta property=\"og:url\" content=\"https:\/\/batgroup.4demo.it\/fr\/prodotto\/screeny-4-0-110-gpz-mb\/\" \/>\n<meta property=\"og:site_name\" content=\"Bat Group\" \/>\n<meta property=\"article:modified_time\" content=\"2024-04-22T08:18:11+00:00\" \/>\n<meta property=\"og:image\" content=\"https:\/\/batgroup.4demo.it\/wp-content\/uploads\/2024\/04\/911.55.800.jpg\" \/>\n\t<meta property=\"og:image:width\" content=\"2102\" \/>\n\t<meta property=\"og:image:height\" content=\"2560\" \/>\n\t<meta property=\"og:image:type\" content=\"image\/jpeg\" \/>\n<meta name=\"twitter:card\" content=\"summary_large_image\" \/>\n<!-- \/ Yoast SEO plugin. -->","yoast_head_json":{"title":"SCREENY 4.0 110 GPZ MB - Bat Group","description":"Store avec un coffre de 110mm et barre de charge r\u00e9tractable,avec un guide profil libre, syst\u00e8me ZIP et coffre autoportante.","robots":{"index":"index","follow":"follow","max-snippet":"max-snippet:-1","max-image-preview":"max-image-preview:large","max-video-preview":"max-video-preview:-1"},"canonical":"https:\/\/batgroup.4demo.it\/fr\/prodotto\/screeny-4-0-110-gpz-mb\/","og_locale":"fr_FR","og_type":"article","og_title":"SCREENY 4.0 110 GPZ MB - Bat Group","og_description":"Store avec un coffre de 110mm et barre de charge r\u00e9tractable,avec un guide profil libre, syst\u00e8me ZIP et coffre autoportante.","og_url":"https:\/\/batgroup.4demo.it\/fr\/prodotto\/screeny-4-0-110-gpz-mb\/","og_site_name":"Bat Group","article_modified_time":"2024-04-22T08:18:11+00:00","og_image":[{"width":2102,"height":2560,"url":"https:\/\/batgroup.4demo.it\/wp-content\/uploads\/2024\/04\/911.55.800.jpg","type":"image\/jpeg"}],"twitter_card":"summary_large_image","schema":{"@context":"https:\/\/schema.org","@graph":[{"@type":"WebPage","@id":"https:\/\/batgroup.4demo.it\/fr\/prodotto\/screeny-4-0-110-gpz-mb\/","url":"https:\/\/batgroup.4demo.it\/fr\/prodotto\/screeny-4-0-110-gpz-mb\/","name":"SCREENY 4.0 110 GPZ MB - Bat Group","isPartOf":{"@id":"https:\/\/batgroup.4demo.it\/#website"},"primaryImageOfPage":{"@id":"https:\/\/batgroup.4demo.it\/fr\/prodotto\/screeny-4-0-110-gpz-mb\/#primaryimage"},"image":{"@id":"https:\/\/batgroup.4demo.it\/fr\/prodotto\/screeny-4-0-110-gpz-mb\/#primaryimage"},"thumbnailUrl":"https:\/\/batgroup.4demo.it\/wp-content\/uploads\/2024\/04\/911.55.800.jpg","datePublished":"2024-04-22T08:10:12+00:00","dateModified":"2024-04-22T08:18:11+00:00","description":"Store avec un coffre de 110mm et barre de charge r\u00e9tractable,avec un guide profil libre, syst\u00e8me ZIP et coffre autoportante.","breadcrumb":{"@id":"https:\/\/batgroup.4demo.it\/fr\/prodotto\/screeny-4-0-110-gpz-mb\/#breadcrumb"},"inLanguage":"fr-FR","potentialAction":[{"@type":"ReadAction","target":["https:\/\/batgroup.4demo.it\/fr\/prodotto\/screeny-4-0-110-gpz-mb\/"]}]},{"@type":"ImageObject","inLanguage":"fr-FR","@id":"https:\/\/batgroup.4demo.it\/fr\/prodotto\/screeny-4-0-110-gpz-mb\/#primaryimage","url":"https:\/\/batgroup.4demo.it\/wp-content\/uploads\/2024\/04\/911.55.800.jpg","contentUrl":"https:\/\/batgroup.4demo.it\/wp-content\/uploads\/2024\/04\/911.55.800.jpg","width":2102,"height":2560},{"@type":"BreadcrumbList","@id":"https:\/\/batgroup.4demo.it\/fr\/prodotto\/screeny-4-0-110-gpz-mb\/#breadcrumb","itemListElement":[{"@type":"ListItem","position":1,"name":"Home","item":"https:\/\/batgroup.4demo.it\/fr\/"},{"@type":"ListItem","position":2,"name":"Produits","item":"https:\/\/batgroup.4demo.it\/fr\/produits\/"},{"@type":"ListItem","position":3,"name":"SCREENY 4.0 110 GPZ MB"}]},{"@type":"WebSite","@id":"https:\/\/batgroup.4demo.it\/#website","url":"https:\/\/batgroup.4demo.it\/","name":"Bat Group","description":"Accessori e componenti per sistemi di schermatura solare","potentialAction":[{"@type":"SearchAction","target":{"@type":"EntryPoint","urlTemplate":"https:\/\/batgroup.4demo.it\/?s={search_term_string}"},"query-input":{"@type":"PropertyValueSpecification","valueRequired":true,"valueName":"search_term_string"}}],"inLanguage":"fr-FR"}]}},"_links":{"self":[{"href":"https:\/\/batgroup.4demo.it\/fr\/wp-json\/wp\/v2\/product\/133277\/"}],"collection":[{"href":"https:\/\/batgroup.4demo.it\/fr\/wp-json\/wp\/v2\/product\/"}],"about":[{"href":"https:\/\/batgroup.4demo.it\/fr\/wp-json\/wp\/v2\/types\/product\/"}],"wp:featuredmedia":[{"embeddable":true,"href":"https:\/\/batgroup.4demo.it\/fr\/wp-json\/wp\/v2\/media\/133270\/"}],"wp:attachment":[{"href":"https:\/\/batgroup.4demo.it\/fr\/wp-json\/wp\/v2\/media\/?parent=133277"}],"curies":[{"name":"wp","href":"https:\/\/api.w.org\/{rel}","templated":true}]}}