{"id":35834,"date":"2019-03-15T08:24:36","date_gmt":"2019-03-15T07:24:36","guid":{"rendered":"https:\/\/www.batgroup.com\/?page_id=35834"},"modified":"2022-03-10T13:15:21","modified_gmt":"2022-03-10T12:15:21","slug":"kvalitet-och-certifiering","status":"publish","type":"page","link":"https:\/\/batgroup.4demo.it\/sv\/kvalitet-och-certifiering\/","title":{"rendered":"Kvalitet och certifiering"},"content":{"rendered":"<p>[vc_row layout=&#8221;boxed&#8221; el_class=&#8221;margin-bottom-30&#8243;][vc_column width=&#8221;1\/4&#8243; el_class=&#8221;col-md-3 col-sm-12&#8243;]            <div class=\"heading color-dark size-md text-left \" >\n                                <div class=\"line-single\">\n                                                        <h2>\n                        KVALITET                    <\/h2>\n                                    <\/div>\n                            <\/div>\n            [\/vc_column][vc_column width=&#8221;3\/4&#8243; el_class=&#8221;col-md-9 col-sm-12&#8243;][vc_column_text]Kvalitet och s\u00e4kerhet k\u00e4nnetecknar BAT-produkter. F\u00f6r att uppn\u00e5 och st\u00e4ndigt \u00f6vervaka dessa krav har BAT avancerad utrustning som regelbundet genomg\u00e5r kontroller, kontrollmallar f\u00f6r\u00a0 produktionsavdelningarna och kontrollinstruktioner med datainsamlingsformul\u00e4r f\u00f6r\u00a0 kritiska process faser.<br \/>\nDet finns ett provningslaboratorium som genomf\u00f6r t\u00e4thetstester p\u00e5 <strong>enstaka komponenter och f\u00e4rdiga markiser<\/strong>, en dynamometer f\u00f6r kontroll av fj\u00e4drarnas sp\u00e4nning, en m\u00e4tutrustning f\u00f6r kontroll av armstyrka samt maskiner f\u00f6r cykliska utmattningsprov p\u00e5 de vikarms markiser.[\/vc_column_text][\/vc_column][\/vc_row][vc_row layout=&#8221;fullwidth-visible&#8221; el_class=&#8221;margin-bottom-0&#8243; css=&#8221;.vc_custom_1511859510087{padding-top: 60px !important;padding-right: 50px !important;padding-bottom: 60px !important;padding-left: 40px !important;background-color: #eeeeee !important;}&#8221;][vc_column][vc_row_inner layout=&#8221;boxed&#8221;][vc_column_inner width=&#8221;1\/4&#8243;]            <div class=\"heading color-dark size-md text-left \" >\n                                <div class=\"line-single\">\n                                                        <h2>\n                        CERTIFIERINGAR                    <\/h2>\n                                    <\/div>\n                            <\/div>\n            [\/vc_column_inner][vc_column_inner width=&#8221;3\/4&#8243;][vc_column_text]Laboratoriet har \u00e4ven tv\u00e5 riggar f\u00f6r provning av <strong>f\u00e4rdiga markiser, screenmarkiser, f\u00f6rankrade eller frist\u00e5ende pergolor<\/strong>, som testas i enlighet med de europeiska standarderna SS-EN13561 och SS-EN1932.<br \/>\nResultat vid tester av vindmotst\u00e5ndet \u00e4r en viktig del f\u00f6r CE-certifikatet som idag \u00e4r obligatoriskt.<br \/>\nBAT har uppdaterat och genomf\u00f6rt certifieringarna av produkterna och vi \u00e4r glada att kunna meddela att v\u00e5ra nya tester \u00e4ven ger en &#8220;garanti&#8221; f\u00f6r resistens mot vattenfickor, ut\u00f6ver klassificeringen av vissa markismodeller i h\u00f6gre klasser \u00e4n tidigare.[\/vc_column_text]            <div class=\"heading color-dark size-sm text-left margin-top-60\" >\n                                                        <h2>\n                        CE-CERTIFIKAT                    <\/h2>\n                                <\/div>\n            [vc_column_text]<\/p>\n<p style=\"text-align: left;\">BAT tillhandah\u00e5ller resultaten fr\u00e5n varje provning till sina kunder som kr\u00e4vs f\u00f6r sj\u00e4lvcertifieringen och f\u00f6r att kunna m\u00e4rka\u00a0<strong>slutprodukten med CE-m\u00e4rket<\/strong>. BAT anser att CE-certifikatet p\u00e5 deras produkter \u00e4r en ytterligare garanti f\u00f6r effektivitet, h\u00e5llbarhet och p\u00e5litlighet.<\/p>\n<p>[\/vc_column_text][\/vc_column_inner][\/vc_row_inner][\/vc_column][\/vc_row][vc_row layout=&#8221;boxed&#8221; equal_height=&#8221;yes&#8221; el_class=&#8221;margin-top-60&#8243;][vc_column]            <div class=\"heading color-dark size-sm text-center \" >\n                                                        <h2>\n                        MADE IN ITALY                    <\/h2>\n                                <\/div>\n            [\/vc_column][\/vc_row][vc_row layout=&#8221;boxed&#8221; equal_height=&#8221;yes&#8221; video_link=&#8221;&#8221; css=&#8221;.vc_custom_1511522758330{margin-bottom: 60px !important;}&#8221;][vc_column][vc_column_text]<\/p>\n<p style=\"text-align: center;\">Kvaliteten p\u00e5 BAT-produkterna certifieras inte bara av nationella och internationella institut,<br \/>\nutan av det faktum att hela produktionskedjan hanteras av en filial inom koncernen.<\/p>\n<p>[\/vc_column_text][\/vc_column][\/vc_row][vc_row css=&#8221;.vc_custom_1511513307299{background-color: #eeeeee !important;}&#8221;][vc_column]            <div class=\"heading color-dark size-md text-center margin-top-95\" >\n                                <div class=\"line-single\">\n                                                        <h2>\n                        PATENTER                    <\/h2>\n                                    <\/div>\n                            <\/div>\n            [vc_row_inner el_class=&#8221;margin-top-55 margin-bottom-95&#8243;][vc_column_inner width=&#8221;1\/4&#8243;][vc_empty_space][\/vc_column_inner][vc_column_inner width=&#8221;1\/4&#8243;]            <div class=\"counter \">\n                                            <span class=\"display-percentage p-font\" style=\"color: \" data-percentage=\"16\">16<\/span>\n                                    <p class=\"counter-title s-font\" style=\"color: \">DESIGNPATENT<\/p>\n                            <\/div>\n            [\/vc_column_inner][vc_column_inner width=&#8221;1\/4&#8243;]            <div class=\"counter \">\n                                            <span class=\"display-percentage p-font\" style=\"color: \" data-percentage=\"21\">21<\/span>\n                                    <p class=\"counter-title s-font\" style=\"color: \">UPPFINNINGSPATENT<\/p>\n                            <\/div>\n            [\/vc_column_inner][vc_column_inner width=&#8221;1\/4&#8243;][vc_empty_space][\/vc_column_inner][\/vc_row_inner][\/vc_column][\/vc_row]<\/p>\n","protected":false},"excerpt":{"rendered":"<p>[vc_row layout=&#8221;boxed&#8221; el_class=&#8221;margin-bottom-30&#8243;][vc_column width=&#8221;1\/4&#8243; el_class=&#8221;col-md-3 col-sm-12&#8243;][\/vc_column][vc_column width=&#8221;3\/4&#8243; el_class=&#8221;col-md-9 col-sm-12&#8243;][vc_column_text]Kvalitet och s\u00e4kerhet k\u00e4nnetecknar BAT-produkter. F\u00f6r att uppn\u00e5 och st\u00e4ndigt \u00f6vervaka dessa krav har BAT avancerad utrustning som regelbundet genomg\u00e5r kontroller, kontrollmallar f\u00f6r\u00a0 produktionsavdelningarna och kontrollinstruktioner med datainsamlingsformul\u00e4r f\u00f6r\u00a0 kritiska process faser. Det finns ett provningslaboratorium som genomf\u00f6r t\u00e4thetstester p\u00e5 enstaka komponenter och f\u00e4rdiga markiser, en dynamometer [&hellip;]<\/p>\n","protected":false},"author":1,"featured_media":0,"parent":0,"menu_order":0,"comment_status":"closed","ping_status":"closed","template":"","meta":{"_acf_changed":false,"footnotes":""},"class_list":["post-35834","page","type-page","status-publish","hentry"],"acf":[],"yoast_head":"<!-- This site is optimized with the Yoast SEO plugin v26.0 - https:\/\/yoast.com\/wordpress\/plugins\/seo\/ -->\n<title>Kvalitet och certifiering - Bat Group<\/title>\n<meta name=\"robots\" content=\"index, follow, max-snippet:-1, max-image-preview:large, max-video-preview:-1\" \/>\n<link rel=\"canonical\" href=\"https:\/\/batgroup.4demo.it\/sv\/kvalitet-och-certifiering\/\" \/>\n<meta property=\"og:locale\" content=\"sv_SE\" \/>\n<meta property=\"og:type\" content=\"article\" \/>\n<meta property=\"og:title\" content=\"Kvalitet och certifiering - Bat Group\" \/>\n<meta property=\"og:description\" content=\"[vc_row layout=&#8221;boxed&#8221; el_class=&#8221;margin-bottom-30&#8243;][vc_column width=&#8221;1\/4&#8243; el_class=&#8221;col-md-3 col-sm-12&#8243;][\/vc_column][vc_column width=&#8221;3\/4&#8243; el_class=&#8221;col-md-9 col-sm-12&#8243;][vc_column_text]Kvalitet och s\u00e4kerhet k\u00e4nnetecknar BAT-produkter. F\u00f6r att uppn\u00e5 och st\u00e4ndigt \u00f6vervaka dessa krav har BAT avancerad utrustning som regelbundet genomg\u00e5r kontroller, kontrollmallar f\u00f6r\u00a0 produktionsavdelningarna och kontrollinstruktioner med datainsamlingsformul\u00e4r f\u00f6r\u00a0 kritiska process faser. Det finns ett provningslaboratorium som genomf\u00f6r t\u00e4thetstester p\u00e5 enstaka komponenter och f\u00e4rdiga markiser, en dynamometer [&hellip;]\" \/>\n<meta property=\"og:url\" content=\"https:\/\/batgroup.4demo.it\/sv\/kvalitet-och-certifiering\/\" \/>\n<meta property=\"og:site_name\" content=\"Bat Group\" \/>\n<meta property=\"article:modified_time\" content=\"2022-03-10T12:15:21+00:00\" \/>\n<meta name=\"twitter:card\" content=\"summary_large_image\" \/>\n<meta name=\"twitter:label1\" content=\"Ber\u00e4knad l\u00e4stid\" \/>\n\t<meta name=\"twitter:data1\" content=\"2 minuter\" \/>\n<!-- \/ Yoast SEO plugin. -->","yoast_head_json":{"title":"Kvalitet och certifiering - Bat Group","robots":{"index":"index","follow":"follow","max-snippet":"max-snippet:-1","max-image-preview":"max-image-preview:large","max-video-preview":"max-video-preview:-1"},"canonical":"https:\/\/batgroup.4demo.it\/sv\/kvalitet-och-certifiering\/","og_locale":"sv_SE","og_type":"article","og_title":"Kvalitet och certifiering - Bat Group","og_description":"[vc_row layout=&#8221;boxed&#8221; el_class=&#8221;margin-bottom-30&#8243;][vc_column width=&#8221;1\/4&#8243; el_class=&#8221;col-md-3 col-sm-12&#8243;][\/vc_column][vc_column width=&#8221;3\/4&#8243; el_class=&#8221;col-md-9 col-sm-12&#8243;][vc_column_text]Kvalitet och s\u00e4kerhet k\u00e4nnetecknar BAT-produkter. F\u00f6r att uppn\u00e5 och st\u00e4ndigt \u00f6vervaka dessa krav har BAT avancerad utrustning som regelbundet genomg\u00e5r kontroller, kontrollmallar f\u00f6r\u00a0 produktionsavdelningarna och kontrollinstruktioner med datainsamlingsformul\u00e4r f\u00f6r\u00a0 kritiska process faser. Det finns ett provningslaboratorium som genomf\u00f6r t\u00e4thetstester p\u00e5 enstaka komponenter och f\u00e4rdiga markiser, en dynamometer [&hellip;]","og_url":"https:\/\/batgroup.4demo.it\/sv\/kvalitet-och-certifiering\/","og_site_name":"Bat Group","article_modified_time":"2022-03-10T12:15:21+00:00","twitter_card":"summary_large_image","twitter_misc":{"Ber\u00e4knad l\u00e4stid":"2 minuter"},"schema":{"@context":"https:\/\/schema.org","@graph":[{"@type":"WebPage","@id":"https:\/\/batgroup.4demo.it\/sv\/kvalitet-och-certifiering\/","url":"https:\/\/batgroup.4demo.it\/sv\/kvalitet-och-certifiering\/","name":"Kvalitet och certifiering - Bat Group","isPartOf":{"@id":"https:\/\/batgroup.4demo.it\/#website"},"datePublished":"2019-03-15T07:24:36+00:00","dateModified":"2022-03-10T12:15:21+00:00","breadcrumb":{"@id":"https:\/\/batgroup.4demo.it\/sv\/kvalitet-och-certifiering\/#breadcrumb"},"inLanguage":"sv-SE","potentialAction":[{"@type":"ReadAction","target":["https:\/\/batgroup.4demo.it\/sv\/kvalitet-och-certifiering\/"]}]},{"@type":"BreadcrumbList","@id":"https:\/\/batgroup.4demo.it\/sv\/kvalitet-och-certifiering\/#breadcrumb","itemListElement":[{"@type":"ListItem","position":1,"name":"Home","item":"https:\/\/batgroup.4demo.it\/sv\/"},{"@type":"ListItem","position":2,"name":"Kvalitet och certifiering"}]},{"@type":"WebSite","@id":"https:\/\/batgroup.4demo.it\/#website","url":"https:\/\/batgroup.4demo.it\/","name":"Bat Group","description":"Accessori e componenti per sistemi di schermatura solare","potentialAction":[{"@type":"SearchAction","target":{"@type":"EntryPoint","urlTemplate":"https:\/\/batgroup.4demo.it\/?s={search_term_string}"},"query-input":{"@type":"PropertyValueSpecification","valueRequired":true,"valueName":"search_term_string"}}],"inLanguage":"sv-SE"}]}},"_links":{"self":[{"href":"https:\/\/batgroup.4demo.it\/sv\/wp-json\/wp\/v2\/pages\/35834\/"}],"collection":[{"href":"https:\/\/batgroup.4demo.it\/sv\/wp-json\/wp\/v2\/pages\/"}],"about":[{"href":"https:\/\/batgroup.4demo.it\/sv\/wp-json\/wp\/v2\/types\/page\/"}],"author":[{"embeddable":true,"href":"https:\/\/batgroup.4demo.it\/sv\/wp-json\/wp\/v2\/users\/1\/"}],"replies":[{"embeddable":true,"href":"https:\/\/batgroup.4demo.it\/sv\/wp-json\/wp\/v2\/comments\/?post=35834"}],"version-history":[{"count":0,"href":"https:\/\/batgroup.4demo.it\/sv\/wp-json\/wp\/v2\/pages\/35834\/revisions\/"}],"wp:attachment":[{"href":"https:\/\/batgroup.4demo.it\/sv\/wp-json\/wp\/v2\/media\/?parent=35834"}],"curies":[{"name":"wp","href":"https:\/\/api.w.org\/{rel}","templated":true}]}}